{"id":29,"date":"2021-02-19T17:47:12","date_gmt":"2021-02-19T17:47:12","guid":{"rendered":"https:\/\/tholysport.mx\/?page_id=29"},"modified":"2021-03-12T00:51:17","modified_gmt":"2021-03-12T00:51:17","slug":"nosotros","status":"publish","type":"page","link":"https:\/\/tholysport.mx\/en\/nosotros\/","title":{"rendered":"About us"},"content":{"rendered":"<p>[et_pb_section fb_built=&#8221;1&#8243; fullwidth=&#8221;on&#8221; _builder_version=&#8221;4.9.0&#8243; _module_preset=&#8221;default&#8221; hover_enabled=&#8221;0&#8243; sticky_enabled=&#8221;0&#8243; bottom_divider_color=&#8221;#FFFFFF&#8221; bottom_divider_style=&#8221;wave2&#8243;][et_pb_fullwidth_header title=&#8221;Nosotros&#8221; text_orientation=&#8221;center&#8221; _builder_version=&#8221;4.9.0&#8243; _module_preset=&#8221;default&#8221; hover_enabled=&#8221;0&#8243; sticky_enabled=&#8221;0&#8243; background_color=&#8221;rgba(12,113,195,0.19)&#8221; title_text_color=&#8221;#000000&#8243; custom_padding=&#8221;4px|||||&#8221;][\/et_pb_fullwidth_header][\/et_pb_section][et_pb_section fb_built=&#8221;1&#8243; _builder_version=&#8221;4.9.0&#8243; _module_preset=&#8221;default&#8221;][et_pb_row column_structure=&#8221;1_3,2_3&#8243; _builder_version=&#8221;4.9.0&#8243; _module_preset=&#8221;default&#8221;][et_pb_column type=&#8221;1_3&#8243; _builder_version=&#8221;4.9.0&#8243; _module_preset=&#8221;default&#8221;][et_pb_image src=&#8221;https:\/\/tholysport.mx\/wp-content\/uploads\/2021\/03\/logo-negro-sin-fondo.png&#8221; _builder_version=&#8221;4.9.0&#8243; _module_preset=&#8221;default&#8221; hover_enabled=&#8221;0&#8243; alt=&#8221;thonlysport-joyeria-deportes-plata&#8221; title_text=&#8221;thonlysport-joyeria-deportes-plata&#8221; sticky_enabled=&#8221;0&#8243;][\/et_pb_image][\/et_pb_column][et_pb_column type=&#8221;2_3&#8243; _builder_version=&#8221;4.9.0&#8243; _module_preset=&#8221;default&#8221;][et_pb_text _builder_version=&#8221;4.9.0&#8243; _module_preset=&#8221;default&#8221;]<\/p>\n<p>Sport has been part of our life. We live and understand the passion and how important it is to identify with the sport \/\/ discipline.<\/p>\n<p>Th' OLY Sport Jewelry is a Mexican brand born in 2017 in Monterrey, N.L. with the aim of creating -through jewelry- a link between sports symbols and icons, athletes and sport, achieving a full identification between them.<\/p>\n<p>In each piece we capture the LOVE for SPORTS, the Dedication and Enthusiasm that is required every day in training and we want that through our pieces of SPORTS JEWELRY this feeling transcends from generation to generation.<\/p>\n<p>We use silver in the production of the pieces, a precious metal that, like sport and its teachings, endures.<\/p>\n<p>Take a look and make a piece part of you.<\/p>\n<p>[\/et_pb_text][\/et_pb_column][\/et_pb_row][\/et_pb_section]<\/p>","protected":false},"excerpt":{"rendered":"<p>El deporte ha sido parte de nuestra vida. Vivimos y entendemos la pasi\u00f3n y lo importante que es la identificaci\u00f3n con el deporte \/\/ disciplina. Th\u2019 OLY Sport Jewelry\u00a0 es una marca mexicana que nace en 2017 en Monterrey, N.L. con el objetivo de crear -a trav\u00e9s de la joyer\u00eda- un v\u00ednculo entre s\u00edmbolos e [&hellip;]<\/p>","protected":false},"author":1,"featured_media":0,"parent":0,"menu_order":0,"comment_status":"closed","ping_status":"closed","template":"","meta":{"_et_pb_use_builder":"on","_et_pb_old_content":"","_et_gb_content_width":"","_joinchat":[],"footnotes":""},"class_list":["post-29","page","type-page","status-publish","hentry"],"yoast_head":"<!-- This site is optimized with the Yoast SEO plugin v22.3 - https:\/\/yoast.com\/wordpress\/plugins\/seo\/ -->\n<title>Nosotros - tholysport<\/title>\n<meta name=\"robots\" content=\"index, follow, max-snippet:-1, max-image-preview:large, max-video-preview:-1\" \/>\n<link rel=\"canonical\" href=\"https:\/\/tholysport.mx\/en\/nosotros\/\" \/>\n<meta property=\"og:locale\" content=\"en_US\" \/>\n<meta property=\"og:type\" content=\"article\" \/>\n<meta property=\"og:title\" content=\"Nosotros - tholysport\" \/>\n<meta property=\"og:description\" content=\"El deporte ha sido parte de nuestra vida. Vivimos y entendemos la pasi\u00f3n y lo importante que es la identificaci\u00f3n con el deporte \/\/ disciplina. Th\u2019 OLY Sport Jewelry\u00a0 es una marca mexicana que nace en 2017 en Monterrey, N.L. con el objetivo de crear -a trav\u00e9s de la joyer\u00eda- un v\u00ednculo entre s\u00edmbolos e [&hellip;]\" \/>\n<meta property=\"og:url\" content=\"https:\/\/tholysport.mx\/en\/nosotros\/\" \/>\n<meta property=\"og:site_name\" content=\"tholysport\" \/>\n<meta property=\"article:publisher\" content=\"https:\/\/www.facebook.com\/TheOLYSportJewelry\" \/>\n<meta property=\"article:modified_time\" content=\"2021-03-12T00:51:17+00:00\" \/>\n<meta name=\"twitter:card\" content=\"summary_large_image\" \/>\n<meta name=\"twitter:label1\" content=\"Est. reading time\" \/>\n\t<meta name=\"twitter:data1\" content=\"1 minute\" \/>\n<script type=\"application\/ld+json\" class=\"yoast-schema-graph\">{\"@context\":\"https:\/\/schema.org\",\"@graph\":[{\"@type\":\"WebPage\",\"@id\":\"https:\/\/tholysport.mx\/nosotros\/\",\"url\":\"https:\/\/tholysport.mx\/nosotros\/\",\"name\":\"Nosotros - tholysport\",\"isPartOf\":{\"@id\":\"https:\/\/tholysport.mx\/#website\"},\"datePublished\":\"2021-02-19T17:47:12+00:00\",\"dateModified\":\"2021-03-12T00:51:17+00:00\",\"breadcrumb\":{\"@id\":\"https:\/\/tholysport.mx\/nosotros\/#breadcrumb\"},\"inLanguage\":\"en-US\",\"potentialAction\":[{\"@type\":\"ReadAction\",\"target\":[\"https:\/\/tholysport.mx\/nosotros\/\"]}]},{\"@type\":\"BreadcrumbList\",\"@id\":\"https:\/\/tholysport.mx\/nosotros\/#breadcrumb\",\"itemListElement\":[{\"@type\":\"ListItem\",\"position\":1,\"name\":\"Portada\",\"item\":\"https:\/\/tholysport.mx\/\"},{\"@type\":\"ListItem\",\"position\":2,\"name\":\"Nosotros\"}]},{\"@type\":\"WebSite\",\"@id\":\"https:\/\/tholysport.mx\/#website\",\"url\":\"https:\/\/tholysport.mx\/\",\"name\":\"tholysport\",\"description\":\"Joyeria de plata de dise&ntilde;os deportivos\",\"publisher\":{\"@id\":\"https:\/\/tholysport.mx\/#organization\"},\"potentialAction\":[{\"@type\":\"SearchAction\",\"target\":{\"@type\":\"EntryPoint\",\"urlTemplate\":\"https:\/\/tholysport.mx\/?s={search_term_string}\"},\"query-input\":\"required name=search_term_string\"}],\"inLanguage\":\"en-US\"},{\"@type\":\"Organization\",\"@id\":\"https:\/\/tholysport.mx\/#organization\",\"name\":\"The oly sports\",\"url\":\"https:\/\/tholysport.mx\/\",\"logo\":{\"@type\":\"ImageObject\",\"inLanguage\":\"en-US\",\"@id\":\"https:\/\/tholysport.mx\/#\/schema\/logo\/image\/\",\"url\":\"https:\/\/tholysport.mx\/wp-content\/uploads\/2021\/06\/cropped-favicon.jpg\",\"contentUrl\":\"https:\/\/tholysport.mx\/wp-content\/uploads\/2021\/06\/cropped-favicon.jpg\",\"width\":512,\"height\":512,\"caption\":\"The oly sports\"},\"image\":{\"@id\":\"https:\/\/tholysport.mx\/#\/schema\/logo\/image\/\"},\"sameAs\":[\"https:\/\/www.facebook.com\/TheOLYSportJewelry\",\"https:\/\/www.instagram.com\/theolysportjewelry\/\"]}]}<\/script>\n<!-- \/ Yoast SEO plugin. -->","yoast_head_json":{"title":"Nosotros - tholysport","robots":{"index":"index","follow":"follow","max-snippet":"max-snippet:-1","max-image-preview":"max-image-preview:large","max-video-preview":"max-video-preview:-1"},"canonical":"https:\/\/tholysport.mx\/en\/nosotros\/","og_locale":"en_US","og_type":"article","og_title":"Nosotros - tholysport","og_description":"El deporte ha sido parte de nuestra vida. Vivimos y entendemos la pasi\u00f3n y lo importante que es la identificaci\u00f3n con el deporte \/\/ disciplina. Th\u2019 OLY Sport Jewelry\u00a0 es una marca mexicana que nace en 2017 en Monterrey, N.L. con el objetivo de crear -a trav\u00e9s de la joyer\u00eda- un v\u00ednculo entre s\u00edmbolos e [&hellip;]","og_url":"https:\/\/tholysport.mx\/en\/nosotros\/","og_site_name":"tholysport","article_publisher":"https:\/\/www.facebook.com\/TheOLYSportJewelry","article_modified_time":"2021-03-12T00:51:17+00:00","twitter_card":"summary_large_image","twitter_misc":{"Est. reading time":"1 minute"},"schema":{"@context":"https:\/\/schema.org","@graph":[{"@type":"WebPage","@id":"https:\/\/tholysport.mx\/nosotros\/","url":"https:\/\/tholysport.mx\/nosotros\/","name":"Nosotros - tholysport","isPartOf":{"@id":"https:\/\/tholysport.mx\/#website"},"datePublished":"2021-02-19T17:47:12+00:00","dateModified":"2021-03-12T00:51:17+00:00","breadcrumb":{"@id":"https:\/\/tholysport.mx\/nosotros\/#breadcrumb"},"inLanguage":"en-US","potentialAction":[{"@type":"ReadAction","target":["https:\/\/tholysport.mx\/nosotros\/"]}]},{"@type":"BreadcrumbList","@id":"https:\/\/tholysport.mx\/nosotros\/#breadcrumb","itemListElement":[{"@type":"ListItem","position":1,"name":"Portada","item":"https:\/\/tholysport.mx\/"},{"@type":"ListItem","position":2,"name":"Nosotros"}]},{"@type":"WebSite","@id":"https:\/\/tholysport.mx\/#website","url":"https:\/\/tholysport.mx\/","name":"tholysport","description":"Joyeria de plata de dise&ntilde;os deportivos","publisher":{"@id":"https:\/\/tholysport.mx\/#organization"},"potentialAction":[{"@type":"SearchAction","target":{"@type":"EntryPoint","urlTemplate":"https:\/\/tholysport.mx\/?s={search_term_string}"},"query-input":"required name=search_term_string"}],"inLanguage":"en-US"},{"@type":"Organization","@id":"https:\/\/tholysport.mx\/#organization","name":"The oly sports","url":"https:\/\/tholysport.mx\/","logo":{"@type":"ImageObject","inLanguage":"en-US","@id":"https:\/\/tholysport.mx\/#\/schema\/logo\/image\/","url":"https:\/\/tholysport.mx\/wp-content\/uploads\/2021\/06\/cropped-favicon.jpg","contentUrl":"https:\/\/tholysport.mx\/wp-content\/uploads\/2021\/06\/cropped-favicon.jpg","width":512,"height":512,"caption":"The oly sports"},"image":{"@id":"https:\/\/tholysport.mx\/#\/schema\/logo\/image\/"},"sameAs":["https:\/\/www.facebook.com\/TheOLYSportJewelry","https:\/\/www.instagram.com\/theolysportjewelry\/"]}]}},"_links":{"self":[{"href":"https:\/\/tholysport.mx\/en\/wp-json\/wp\/v2\/pages\/29","targetHints":{"allow":["GET"]}}],"collection":[{"href":"https:\/\/tholysport.mx\/en\/wp-json\/wp\/v2\/pages"}],"about":[{"href":"https:\/\/tholysport.mx\/en\/wp-json\/wp\/v2\/types\/page"}],"author":[{"embeddable":true,"href":"https:\/\/tholysport.mx\/en\/wp-json\/wp\/v2\/users\/1"}],"replies":[{"embeddable":true,"href":"https:\/\/tholysport.mx\/en\/wp-json\/wp\/v2\/comments?post=29"}],"version-history":[{"count":3,"href":"https:\/\/tholysport.mx\/en\/wp-json\/wp\/v2\/pages\/29\/revisions"}],"predecessor-version":[{"id":609,"href":"https:\/\/tholysport.mx\/en\/wp-json\/wp\/v2\/pages\/29\/revisions\/609"}],"wp:attachment":[{"href":"https:\/\/tholysport.mx\/en\/wp-json\/wp\/v2\/media?parent=29"}],"curies":[{"name":"wp","href":"https:\/\/api.w.org\/{rel}","templated":true}]}}