{"id":31,"date":"2021-02-19T17:47:38","date_gmt":"2021-02-19T17:47:38","guid":{"rendered":"https:\/\/tholysport.mx\/?page_id=31"},"modified":"2021-04-01T00:38:43","modified_gmt":"2021-04-01T00:38:43","slug":"venta-mayoreo","status":"publish","type":"page","link":"https:\/\/tholysport.mx\/en\/venta-mayoreo\/","title":{"rendered":"Wholesale"},"content":{"rendered":"<p>[et_pb_section fb_built=&#8221;1&#8243; fullwidth=&#8221;on&#8221; _builder_version=&#8221;4.9.0&#8243; _module_preset=&#8221;default&#8221; bottom_divider_style=&#8221;wave2&#8243; bottom_divider_color=&#8221;#FFFFFF&#8221;][et_pb_fullwidth_header title=&#8221;Venta mayoreo&#8221; _builder_version=&#8221;4.9.0&#8243; _module_preset=&#8221;default&#8221; title_text_align=&#8221;center&#8221; title_text_color=&#8221;#000000&#8243; background_color=&#8221;rgba(12,113,195,0.13)&#8221;][\/et_pb_fullwidth_header][\/et_pb_section][et_pb_section fb_built=&#8221;1&#8243; _builder_version=&#8221;4.9.0&#8243; _module_preset=&#8221;default&#8221;][et_pb_row _builder_version=&#8221;4.9.0&#8243; _module_preset=&#8221;default&#8221; column_structure=&#8221;3_5,2_5&#8243;][et_pb_column _builder_version=&#8221;4.9.0&#8243; _module_preset=&#8221;default&#8221; type=&#8221;3_5&#8243;][et_pb_accordion _builder_version=&#8221;4.9.0&#8243; _module_preset=&#8221;default&#8221; hover_enabled=&#8221;0&#8243; sticky_enabled=&#8221;0&#8243;][et_pb_accordion_item title=&#8221;COMPRAS DE MAYOREO &#8211; PIEZAS EXIXTENTES&#8221; _builder_version=&#8221;4.9.0&#8243; _module_preset=&#8221;default&#8221; open=&#8221;off&#8221; hover_enabled=&#8221;0&#8243; sticky_enabled=&#8221;0&#8243;]<\/p>\n<ul>\n<li>Parts in stock<\/li>\n<li>Compra m\u00ednima de 15 piezas (1ra. Compra)<\/li>\n<li>35% discount on list prices<\/li>\n<li>Minimum purchase of 5 pieces (following months) to get the same discount.<\/li>\n<li>Shipping is covered by the Wholesaler<\/li>\n<li>To keep the discount you have to buy month to month, 5 pieces from the 2nd purchase. If you do not do so, you will have to start the process.<\/li>\n<\/ul>\n<p>[\/et_pb_accordion_item][et_pb_accordion_item title=&#8221;MAYOREO, DISE\u00d1O ESPECIAL PARA EQUIPOS Y EVENTOS&#8221; _builder_version=&#8221;4.9.0&#8243; _module_preset=&#8221;default&#8221; open=&#8221;on&#8221; hover_enabled=&#8221;0&#8243; sticky_enabled=&#8221;0&#8243;]<\/p>\n<p>If you require a special design for any equipment, please contact us at <a href=\"mailto:Lourdes@tholysport.mx\">lourdes@tholysport.mx<\/a> or by whatsapp<\/p>\n<p>[\/et_pb_accordion_item][\/et_pb_accordion][\/et_pb_column][et_pb_column _builder_version=&#8221;4.9.0&#8243; _module_preset=&#8221;default&#8221; type=&#8221;2_5&#8243;][et_pb_image src=&#8221;https:\/\/tholysport.mx\/wp-content\/uploads\/2021\/04\/mayore-1.jpeg&#8221; _builder_version=&#8221;4.9.0&#8243; _module_preset=&#8221;default&#8221; title_text=&#8221;mayore 1&#8243; width=&#8221;61%&#8221; hover_enabled=&#8221;0&#8243; sticky_enabled=&#8221;0&#8243;][\/et_pb_image][et_pb_image src=&#8221;https:\/\/tholysport.mx\/wp-content\/uploads\/2021\/04\/mayore-3.jpeg&#8221; _builder_version=&#8221;4.9.0&#8243; _module_preset=&#8221;default&#8221; title_text=&#8221;mayore 3&#8243; width=&#8221;61%&#8221; hover_enabled=&#8221;0&#8243; sticky_enabled=&#8221;0&#8243;][\/et_pb_image][et_pb_image src=&#8221;https:\/\/tholysport.mx\/wp-content\/uploads\/2021\/04\/mayoreo-2.jpeg&#8221; _builder_version=&#8221;4.9.0&#8243; _module_preset=&#8221;default&#8221; title_text=&#8221;mayoreo 2&#8243; width=&#8221;61%&#8221; hover_enabled=&#8221;0&#8243; sticky_enabled=&#8221;0&#8243;][\/et_pb_image][\/et_pb_column][\/et_pb_row][\/et_pb_section]<\/p>","protected":false},"excerpt":{"rendered":"<p>Piezas en existencia Compra m\u00ednima de 15 piezas (1ra. Compra) 35% de descuento sobre precios de lista Compra m\u00ednima de 5 piezas (meses siguientes) para tener el mismo descuento. Env\u00edo lo cubre el Mayorista Para mantener el descuento se tiene que comprar mes a mes, 5 piezas a partir de la 2da compra. En caso [&hellip;]<\/p>","protected":false},"author":1,"featured_media":0,"parent":0,"menu_order":0,"comment_status":"closed","ping_status":"closed","template":"","meta":{"_et_pb_use_builder":"on","_et_pb_old_content":"","_et_gb_content_width":"","_joinchat":[],"footnotes":""},"class_list":["post-31","page","type-page","status-publish","hentry"],"yoast_head":"<!-- This site is optimized with the Yoast SEO plugin v22.3 - https:\/\/yoast.com\/wordpress\/plugins\/seo\/ -->\n<title>Mayoreo - tholysport<\/title>\n<meta name=\"robots\" content=\"index, follow, max-snippet:-1, max-image-preview:large, max-video-preview:-1\" \/>\n<link rel=\"canonical\" href=\"https:\/\/tholysport.mx\/en\/venta-mayoreo\/\" \/>\n<meta property=\"og:locale\" content=\"en_US\" \/>\n<meta property=\"og:type\" content=\"article\" \/>\n<meta property=\"og:title\" content=\"Mayoreo - tholysport\" \/>\n<meta property=\"og:description\" content=\"Piezas en existencia Compra m\u00ednima de 15 piezas (1ra. Compra) 35% de descuento sobre precios de lista Compra m\u00ednima de 5 piezas (meses siguientes) para tener el mismo descuento. Env\u00edo lo cubre el Mayorista Para mantener el descuento se tiene que comprar mes a mes, 5 piezas a partir de la 2da compra. En caso [&hellip;]\" \/>\n<meta property=\"og:url\" content=\"https:\/\/tholysport.mx\/en\/venta-mayoreo\/\" \/>\n<meta property=\"og:site_name\" content=\"tholysport\" \/>\n<meta property=\"article:publisher\" content=\"https:\/\/www.facebook.com\/TheOLYSportJewelry\" \/>\n<meta property=\"article:modified_time\" content=\"2021-04-01T00:38:43+00:00\" \/>\n<meta name=\"twitter:card\" content=\"summary_large_image\" \/>\n<meta name=\"twitter:label1\" content=\"Est. reading time\" \/>\n\t<meta name=\"twitter:data1\" content=\"2 minutes\" \/>\n<script type=\"application\/ld+json\" class=\"yoast-schema-graph\">{\"@context\":\"https:\/\/schema.org\",\"@graph\":[{\"@type\":\"WebPage\",\"@id\":\"https:\/\/tholysport.mx\/venta-mayoreo\/\",\"url\":\"https:\/\/tholysport.mx\/venta-mayoreo\/\",\"name\":\"Mayoreo - tholysport\",\"isPartOf\":{\"@id\":\"https:\/\/tholysport.mx\/#website\"},\"datePublished\":\"2021-02-19T17:47:38+00:00\",\"dateModified\":\"2021-04-01T00:38:43+00:00\",\"breadcrumb\":{\"@id\":\"https:\/\/tholysport.mx\/venta-mayoreo\/#breadcrumb\"},\"inLanguage\":\"en-US\",\"potentialAction\":[{\"@type\":\"ReadAction\",\"target\":[\"https:\/\/tholysport.mx\/venta-mayoreo\/\"]}]},{\"@type\":\"BreadcrumbList\",\"@id\":\"https:\/\/tholysport.mx\/venta-mayoreo\/#breadcrumb\",\"itemListElement\":[{\"@type\":\"ListItem\",\"position\":1,\"name\":\"Portada\",\"item\":\"https:\/\/tholysport.mx\/\"},{\"@type\":\"ListItem\",\"position\":2,\"name\":\"Mayoreo\"}]},{\"@type\":\"WebSite\",\"@id\":\"https:\/\/tholysport.mx\/#website\",\"url\":\"https:\/\/tholysport.mx\/\",\"name\":\"tholysport\",\"description\":\"Joyeria de plata de dise&ntilde;os deportivos\",\"publisher\":{\"@id\":\"https:\/\/tholysport.mx\/#organization\"},\"potentialAction\":[{\"@type\":\"SearchAction\",\"target\":{\"@type\":\"EntryPoint\",\"urlTemplate\":\"https:\/\/tholysport.mx\/?s={search_term_string}\"},\"query-input\":\"required name=search_term_string\"}],\"inLanguage\":\"en-US\"},{\"@type\":\"Organization\",\"@id\":\"https:\/\/tholysport.mx\/#organization\",\"name\":\"The oly sports\",\"url\":\"https:\/\/tholysport.mx\/\",\"logo\":{\"@type\":\"ImageObject\",\"inLanguage\":\"en-US\",\"@id\":\"https:\/\/tholysport.mx\/#\/schema\/logo\/image\/\",\"url\":\"https:\/\/tholysport.mx\/wp-content\/uploads\/2021\/06\/cropped-favicon.jpg\",\"contentUrl\":\"https:\/\/tholysport.mx\/wp-content\/uploads\/2021\/06\/cropped-favicon.jpg\",\"width\":512,\"height\":512,\"caption\":\"The oly sports\"},\"image\":{\"@id\":\"https:\/\/tholysport.mx\/#\/schema\/logo\/image\/\"},\"sameAs\":[\"https:\/\/www.facebook.com\/TheOLYSportJewelry\",\"https:\/\/www.instagram.com\/theolysportjewelry\/\"]}]}<\/script>\n<!-- \/ Yoast SEO plugin. -->","yoast_head_json":{"title":"Mayoreo - tholysport","robots":{"index":"index","follow":"follow","max-snippet":"max-snippet:-1","max-image-preview":"max-image-preview:large","max-video-preview":"max-video-preview:-1"},"canonical":"https:\/\/tholysport.mx\/en\/venta-mayoreo\/","og_locale":"en_US","og_type":"article","og_title":"Mayoreo - tholysport","og_description":"Piezas en existencia Compra m\u00ednima de 15 piezas (1ra. Compra) 35% de descuento sobre precios de lista Compra m\u00ednima de 5 piezas (meses siguientes) para tener el mismo descuento. Env\u00edo lo cubre el Mayorista Para mantener el descuento se tiene que comprar mes a mes, 5 piezas a partir de la 2da compra. En caso [&hellip;]","og_url":"https:\/\/tholysport.mx\/en\/venta-mayoreo\/","og_site_name":"tholysport","article_publisher":"https:\/\/www.facebook.com\/TheOLYSportJewelry","article_modified_time":"2021-04-01T00:38:43+00:00","twitter_card":"summary_large_image","twitter_misc":{"Est. reading time":"2 minutes"},"schema":{"@context":"https:\/\/schema.org","@graph":[{"@type":"WebPage","@id":"https:\/\/tholysport.mx\/venta-mayoreo\/","url":"https:\/\/tholysport.mx\/venta-mayoreo\/","name":"Mayoreo - tholysport","isPartOf":{"@id":"https:\/\/tholysport.mx\/#website"},"datePublished":"2021-02-19T17:47:38+00:00","dateModified":"2021-04-01T00:38:43+00:00","breadcrumb":{"@id":"https:\/\/tholysport.mx\/venta-mayoreo\/#breadcrumb"},"inLanguage":"en-US","potentialAction":[{"@type":"ReadAction","target":["https:\/\/tholysport.mx\/venta-mayoreo\/"]}]},{"@type":"BreadcrumbList","@id":"https:\/\/tholysport.mx\/venta-mayoreo\/#breadcrumb","itemListElement":[{"@type":"ListItem","position":1,"name":"Portada","item":"https:\/\/tholysport.mx\/"},{"@type":"ListItem","position":2,"name":"Mayoreo"}]},{"@type":"WebSite","@id":"https:\/\/tholysport.mx\/#website","url":"https:\/\/tholysport.mx\/","name":"tholysport","description":"Joyeria de plata de dise&ntilde;os deportivos","publisher":{"@id":"https:\/\/tholysport.mx\/#organization"},"potentialAction":[{"@type":"SearchAction","target":{"@type":"EntryPoint","urlTemplate":"https:\/\/tholysport.mx\/?s={search_term_string}"},"query-input":"required name=search_term_string"}],"inLanguage":"en-US"},{"@type":"Organization","@id":"https:\/\/tholysport.mx\/#organization","name":"The oly sports","url":"https:\/\/tholysport.mx\/","logo":{"@type":"ImageObject","inLanguage":"en-US","@id":"https:\/\/tholysport.mx\/#\/schema\/logo\/image\/","url":"https:\/\/tholysport.mx\/wp-content\/uploads\/2021\/06\/cropped-favicon.jpg","contentUrl":"https:\/\/tholysport.mx\/wp-content\/uploads\/2021\/06\/cropped-favicon.jpg","width":512,"height":512,"caption":"The oly sports"},"image":{"@id":"https:\/\/tholysport.mx\/#\/schema\/logo\/image\/"},"sameAs":["https:\/\/www.facebook.com\/TheOLYSportJewelry","https:\/\/www.instagram.com\/theolysportjewelry\/"]}]}},"_links":{"self":[{"href":"https:\/\/tholysport.mx\/en\/wp-json\/wp\/v2\/pages\/31","targetHints":{"allow":["GET"]}}],"collection":[{"href":"https:\/\/tholysport.mx\/en\/wp-json\/wp\/v2\/pages"}],"about":[{"href":"https:\/\/tholysport.mx\/en\/wp-json\/wp\/v2\/types\/page"}],"author":[{"embeddable":true,"href":"https:\/\/tholysport.mx\/en\/wp-json\/wp\/v2\/users\/1"}],"replies":[{"embeddable":true,"href":"https:\/\/tholysport.mx\/en\/wp-json\/wp\/v2\/comments?post=31"}],"version-history":[{"count":7,"href":"https:\/\/tholysport.mx\/en\/wp-json\/wp\/v2\/pages\/31\/revisions"}],"predecessor-version":[{"id":806,"href":"https:\/\/tholysport.mx\/en\/wp-json\/wp\/v2\/pages\/31\/revisions\/806"}],"wp:attachment":[{"href":"https:\/\/tholysport.mx\/en\/wp-json\/wp\/v2\/media?parent=31"}],"curies":[{"name":"wp","href":"https:\/\/api.w.org\/{rel}","templated":true}]}}