{"id":39,"date":"2021-02-19T17:49:43","date_gmt":"2021-02-19T17:49:43","guid":{"rendered":"https:\/\/tholysport.mx\/?page_id=39"},"modified":"2024-01-15T13:48:41","modified_gmt":"2024-01-15T19:48:41","slug":"contacto","status":"publish","type":"page","link":"https:\/\/tholysport.mx\/en\/contacto\/","title":{"rendered":"Contact"},"content":{"rendered":"<p>[et_pb_section fb_built=&#8221;1&#8243; fullwidth=&#8221;on&#8221; _builder_version=&#8221;4.16&#8243; _module_preset=&#8221;default&#8221; bottom_divider_style=&#8221;wave2&#8243; bottom_divider_color=&#8221;#FFFFFF&#8221; global_colors_info=&#8221;{}&#8221;][et_pb_fullwidth_header title=&#8221;Contacto&#8221; text_orientation=&#8221;center&#8221; _builder_version=&#8221;4.16&#8243; _module_preset=&#8221;default&#8221; title_text_color=&#8221;#000000&#8243; background_color=&#8221;rgba(12,113,195,0.19)&#8221; global_colors_info=&#8221;{}&#8221;][\/et_pb_fullwidth_header][\/et_pb_section][et_pb_section fb_built=&#8221;1&#8243; _builder_version=&#8221;4.16&#8243; _module_preset=&#8221;default&#8221; global_colors_info=&#8221;{}&#8221;][et_pb_row column_structure=&#8221;1_2,1_2&#8243; _builder_version=&#8221;4.16&#8243; _module_preset=&#8221;default&#8221; background_color=&#8221;#FFFFFF&#8221; vertical_offset=&#8221;-87px&#8221; z_index=&#8221;21&#8243; custom_padding=&#8221;50px|50px|50px|50px|false|false&#8221; border_radii=&#8221;on|10px|10px|10px|10px&#8221; box_shadow_style=&#8221;preset2&#8243; global_colors_info=&#8221;{}&#8221;][et_pb_column type=&#8221;1_2&#8243; _builder_version=&#8221;4.16&#8243; _module_preset=&#8221;default&#8221; global_colors_info=&#8221;{}&#8221;][et_pb_blurb title=&#8221;lourdes@tholysport.mx&#8221; url=&#8221;http:\/\/lourdes@tholysport.mx&#8221; url_new_window=&#8221;on&#8221; use_icon=&#8221;on&#8221; font_icon=&#8221;&#xe076;||divi||400&#8243; icon_color=&#8221;#6B6B6B&#8221; icon_placement=&#8221;left&#8221; image_icon_width=&#8221;30px&#8221; _builder_version=&#8221;4.23.4&#8243; _module_preset=&#8221;default&#8221; header_font_size=&#8221;16px&#8221; link_option_url_new_window=&#8221;on&#8221; border_width_right=&#8221;2px&#8221; icon_font_size=&#8221;30px&#8221; global_colors_info=&#8221;{}&#8221;][\/et_pb_blurb][\/et_pb_column][et_pb_column type=&#8221;1_2&#8243; _builder_version=&#8221;4.16&#8243; _module_preset=&#8221;default&#8221; global_colors_info=&#8221;{}&#8221;][et_pb_blurb title=&#8221;WhatsApp&#8221; url_new_window=&#8221;on&#8221; use_icon=&#8221;on&#8221; font_icon=&#8221;&#xe065;||divi||400&#8243; icon_color=&#8221;#6B6B6B&#8221; icon_placement=&#8221;left&#8221; image_icon_width=&#8221;30px&#8221; _builder_version=&#8221;4.23.4&#8243; _module_preset=&#8221;default&#8221; header_font_size=&#8221;16px&#8221; link_option_url=&#8221;https:\/\/api.whatsapp.com\/send\/?phone=5218182754103&#038;text&#038;type=phone_number&#038;app_absent=0&#8243; link_option_url_new_window=&#8221;on&#8221; hover_enabled=&#8221;0&#8243; border_width_right=&#8221;2px&#8221; icon_font_size=&#8221;30px&#8221; global_colors_info=&#8221;{}&#8221; sticky_enabled=&#8221;0&#8243;][\/et_pb_blurb][\/et_pb_column][\/et_pb_row][\/et_pb_section][et_pb_section fb_built=&#8221;1&#8243; _builder_version=&#8221;4.16&#8243; _module_preset=&#8221;default&#8221; custom_padding=&#8221;0px|||||&#8221; global_colors_info=&#8221;{}&#8221;][et_pb_row column_structure=&#8221;1_2,1_2&#8243; _builder_version=&#8221;4.16&#8243; _module_preset=&#8221;default&#8221; global_colors_info=&#8221;{}&#8221;][et_pb_column type=&#8221;1_2&#8243; _builder_version=&#8221;4.16&#8243; _module_preset=&#8221;default&#8221; global_colors_info=&#8221;{}&#8221;][et_pb_text _builder_version=&#8221;4.16&#8243; _module_preset=&#8221;default&#8221; text_font_size=&#8221;10px&#8221; global_colors_info=&#8221;{}&#8221;]<\/p>\n<h4>Send us an email with your questions and doubts.<\/h4>\n<p>[\/et_pb_text][et_pb_contact_form email=&#8221;eugenio@tholysport.mx&#8221; success_message=&#8221;Tu correo se ha enviado correctamente&#8221; _builder_version=&#8221;4.16&#8243; _module_preset=&#8221;default&#8221; _unique_id=&#8221;129ee843-a034-47ec-941e-808b22b688f8&#8243; global_colors_info=&#8221;{}&#8221;][et_pb_contact_field field_id=&#8221;Nombre&#8221; field_title=&#8221;Nombre&#8221; fullwidth_field=&#8221;on&#8221; _builder_version=&#8221;4.16&#8243; global_colors_info=&#8221;{}&#8221; button_text_size__hover_enabled=&#8221;off&#8221; button_one_text_size__hover_enabled=&#8221;off&#8221; button_two_text_size__hover_enabled=&#8221;off&#8221; button_text_color__hover_enabled=&#8221;off&#8221; button_one_text_color__hover_enabled=&#8221;off&#8221; button_two_text_color__hover_enabled=&#8221;off&#8221; button_border_width__hover_enabled=&#8221;off&#8221; button_one_border_width__hover_enabled=&#8221;off&#8221; button_two_border_width__hover_enabled=&#8221;off&#8221; button_border_color__hover_enabled=&#8221;off&#8221; button_one_border_color__hover_enabled=&#8221;off&#8221; button_two_border_color__hover_enabled=&#8221;off&#8221; button_border_radius__hover_enabled=&#8221;off&#8221; button_one_border_radius__hover_enabled=&#8221;off&#8221; button_two_border_radius__hover_enabled=&#8221;off&#8221; button_letter_spacing__hover_enabled=&#8221;off&#8221; button_one_letter_spacing__hover_enabled=&#8221;off&#8221; button_two_letter_spacing__hover_enabled=&#8221;off&#8221; button_bg_color__hover_enabled=&#8221;off&#8221; button_one_bg_color__hover_enabled=&#8221;off&#8221; button_two_bg_color__hover_enabled=&#8221;off&#8221;][\/et_pb_contact_field][et_pb_contact_field field_id=&#8221;Email&#8221; field_title=&#8221;Email&#8221; field_type=&#8221;email&#8221; fullwidth_field=&#8221;on&#8221; _builder_version=&#8221;4.16&#8243; global_colors_info=&#8221;{}&#8221; button_text_size__hover_enabled=&#8221;off&#8221; button_one_text_size__hover_enabled=&#8221;off&#8221; button_two_text_size__hover_enabled=&#8221;off&#8221; button_text_color__hover_enabled=&#8221;off&#8221; button_one_text_color__hover_enabled=&#8221;off&#8221; button_two_text_color__hover_enabled=&#8221;off&#8221; button_border_width__hover_enabled=&#8221;off&#8221; button_one_border_width__hover_enabled=&#8221;off&#8221; button_two_border_width__hover_enabled=&#8221;off&#8221; button_border_color__hover_enabled=&#8221;off&#8221; button_one_border_color__hover_enabled=&#8221;off&#8221; button_two_border_color__hover_enabled=&#8221;off&#8221; button_border_radius__hover_enabled=&#8221;off&#8221; button_one_border_radius__hover_enabled=&#8221;off&#8221; button_two_border_radius__hover_enabled=&#8221;off&#8221; button_letter_spacing__hover_enabled=&#8221;off&#8221; button_one_letter_spacing__hover_enabled=&#8221;off&#8221; button_two_letter_spacing__hover_enabled=&#8221;off&#8221; button_bg_color__hover_enabled=&#8221;off&#8221; button_one_bg_color__hover_enabled=&#8221;off&#8221; button_two_bg_color__hover_enabled=&#8221;off&#8221;][\/et_pb_contact_field][et_pb_contact_field field_id=&#8221;Mensaje&#8221; field_title=&#8221;Mensaje&#8221; field_type=&#8221;text&#8221; fullwidth_field=&#8221;on&#8221; _builder_version=&#8221;4.16&#8243; global_colors_info=&#8221;{}&#8221; button_text_size__hover_enabled=&#8221;off&#8221; button_one_text_size__hover_enabled=&#8221;off&#8221; button_two_text_size__hover_enabled=&#8221;off&#8221; button_text_color__hover_enabled=&#8221;off&#8221; button_one_text_color__hover_enabled=&#8221;off&#8221; button_two_text_color__hover_enabled=&#8221;off&#8221; button_border_width__hover_enabled=&#8221;off&#8221; button_one_border_width__hover_enabled=&#8221;off&#8221; button_two_border_width__hover_enabled=&#8221;off&#8221; button_border_color__hover_enabled=&#8221;off&#8221; button_one_border_color__hover_enabled=&#8221;off&#8221; button_two_border_color__hover_enabled=&#8221;off&#8221; button_border_radius__hover_enabled=&#8221;off&#8221; button_one_border_radius__hover_enabled=&#8221;off&#8221; button_two_border_radius__hover_enabled=&#8221;off&#8221; button_letter_spacing__hover_enabled=&#8221;off&#8221; button_one_letter_spacing__hover_enabled=&#8221;off&#8221; button_two_letter_spacing__hover_enabled=&#8221;off&#8221; button_bg_color__hover_enabled=&#8221;off&#8221; button_one_bg_color__hover_enabled=&#8221;off&#8221; button_two_bg_color__hover_enabled=&#8221;off&#8221;][\/et_pb_contact_field][\/et_pb_contact_form][\/et_pb_column][et_pb_column type=&#8221;1_2&#8243; _builder_version=&#8221;4.16&#8243; _module_preset=&#8221;default&#8221; global_colors_info=&#8221;{}&#8221;][et_pb_text _builder_version=&#8221;4.16&#8243; _module_preset=&#8221;default&#8221; text_font=&#8221;|700|||||||&#8221; text_font_size=&#8221;16px&#8221; global_colors_info=&#8221;{}&#8221;]<\/p>\n<h4>F.A.Q.<\/h4>\n<p>FAQ<\/p>\n<p>[\/et_pb_text][et_pb_accordion _builder_version=&#8221;4.16&#8243; _module_preset=&#8221;default&#8221; global_colors_info=&#8221;{}&#8221;][et_pb_accordion_item title=&#8221;\u00bfDe qu\u00e9 Material est\u00e1n hechas las piezas de Joyer\u00eda?&#8221; open=&#8221;on&#8221; _builder_version=&#8221;4.16&#8243; _module_preset=&#8221;default&#8221; global_colors_info=&#8221;{}&#8221;]<\/p>\n<p>Our Jewelry pieces are made in SILVER Law 925.<\/p>\n<p>[\/et_pb_accordion_item][et_pb_accordion_item title=&#8221;Si la Pieza de Joyer\u00eda se obscurece, \u00bfno es de Plata?&#8221; _builder_version=&#8221;4.16&#8243; _module_preset=&#8221;default&#8221; global_colors_info=&#8221;{}&#8221; open=&#8221;off&#8221;]<\/p>\n<p>Many people think that if the piece gets dark \/ dirty it is not silver or is not of good quality, but on the contrary, it is normal for silver to darken. Go to Care and Cleaning where we tell you how to keep your pieces shining.<\/p>\n<p>[\/et_pb_accordion_item][et_pb_accordion_item title=&#8221;\u00bfLa Plata se Oxida?&#8221; _builder_version=&#8221;4.16&#8243; _module_preset=&#8221;default&#8221; global_colors_info=&#8221;{}&#8221; open=&#8221;off&#8221;]<\/p>\n<p>Contrary to popular belief, silver does not oxidize, since it does not react to oxygen, but to sulfur, which causes silver to turn black or yellowish. There are other reasons why silver darkens, in contact with creams, perfumes, sweat. We invite you to see the Care and Cleaning section to learn how to keep your pieces clean and with the shine that characterizes silver.<\/p>\n<p>[\/et_pb_accordion_item][et_pb_accordion_item title=&#8221;\u00bfSe puede mojar la Pieza de Plata?&#8221; _builder_version=&#8221;4.16&#8243; _module_preset=&#8221;default&#8221; global_colors_info=&#8221;{}&#8221; open=&#8221;off&#8221;]<\/p>\n<p>There is no problem in getting your silver pieces wet, however if the water has some abrasive in it, it may darken it.<\/p>\n<p>[\/et_pb_accordion_item][et_pb_accordion_item title=&#8221;\u00bfPuedo hacer ejercicio con las Joyas?&#8221; _builder_version=&#8221;4.16&#8243; _module_preset=&#8221;default&#8221; global_colors_info=&#8221;{}&#8221; open=&#8221;off&#8221;]<\/p>\n<p>No se recomienda hacer ejercicio con las piezas de Joyer\u00eda puestas ya que el sudor puede obscurecerlas.<\/p>\n<p>[\/et_pb_accordion_item][\/et_pb_accordion][\/et_pb_column][\/et_pb_row][\/et_pb_section]<\/p>","protected":false},"excerpt":{"rendered":"<p>Env\u00edanos un correo con tus dudas y preguntasF.A.Q. Preguntas frecuentesNuestras piezas de Joyer\u00eda est\u00e1n elaboradas en PLATA Ley 925Mucha gente piensa que si la pieza se obscurece \/ ensucia\u00a0 no es de Plata o no es de buena calidad, pero por el contrario, es normal que la plata se obscurezca. Ve a los Cuidados y [&hellip;]<\/p>","protected":false},"author":1,"featured_media":0,"parent":0,"menu_order":0,"comment_status":"closed","ping_status":"closed","template":"","meta":{"_et_pb_use_builder":"on","_et_pb_old_content":"","_et_gb_content_width":"","_joinchat":[],"footnotes":""},"class_list":["post-39","page","type-page","status-publish","hentry"],"yoast_head":"<!-- This site is optimized with the Yoast SEO plugin v22.3 - https:\/\/yoast.com\/wordpress\/plugins\/seo\/ -->\n<title>Contacto - tholysport<\/title>\n<meta name=\"robots\" content=\"noindex, nofollow\" \/>\n<meta property=\"og:locale\" content=\"en_US\" \/>\n<meta property=\"og:type\" content=\"article\" \/>\n<meta property=\"og:title\" content=\"Contacto - tholysport\" \/>\n<meta property=\"og:description\" content=\"Env\u00edanos un correo con tus dudas y preguntasF.A.Q. Preguntas frecuentesNuestras piezas de Joyer\u00eda est\u00e1n elaboradas en PLATA Ley 925Mucha gente piensa que si la pieza se obscurece \/ ensucia\u00a0 no es de Plata o no es de buena calidad, pero por el contrario, es normal que la plata se obscurezca. Ve a los Cuidados y [&hellip;]\" \/>\n<meta property=\"og:url\" content=\"https:\/\/tholysport.mx\/en\/contacto\/\" \/>\n<meta property=\"og:site_name\" content=\"tholysport\" \/>\n<meta property=\"article:publisher\" content=\"https:\/\/www.facebook.com\/TheOLYSportJewelry\" \/>\n<meta property=\"article:modified_time\" content=\"2024-01-15T19:48:41+00:00\" \/>\n<meta name=\"twitter:card\" content=\"summary_large_image\" \/>\n<meta name=\"twitter:label1\" content=\"Est. reading time\" \/>\n\t<meta name=\"twitter:data1\" content=\"2 minutes\" \/>\n<script type=\"application\/ld+json\" class=\"yoast-schema-graph\">{\"@context\":\"https:\/\/schema.org\",\"@graph\":[{\"@type\":\"WebPage\",\"@id\":\"https:\/\/tholysport.mx\/contacto\/\",\"url\":\"https:\/\/tholysport.mx\/contacto\/\",\"name\":\"Contacto - tholysport\",\"isPartOf\":{\"@id\":\"https:\/\/tholysport.mx\/#website\"},\"datePublished\":\"2021-02-19T17:49:43+00:00\",\"dateModified\":\"2024-01-15T19:48:41+00:00\",\"breadcrumb\":{\"@id\":\"https:\/\/tholysport.mx\/contacto\/#breadcrumb\"},\"inLanguage\":\"en-US\",\"potentialAction\":[{\"@type\":\"ReadAction\",\"target\":[\"https:\/\/tholysport.mx\/contacto\/\"]}]},{\"@type\":\"BreadcrumbList\",\"@id\":\"https:\/\/tholysport.mx\/contacto\/#breadcrumb\",\"itemListElement\":[{\"@type\":\"ListItem\",\"position\":1,\"name\":\"Portada\",\"item\":\"https:\/\/tholysport.mx\/\"},{\"@type\":\"ListItem\",\"position\":2,\"name\":\"Contacto\"}]},{\"@type\":\"WebSite\",\"@id\":\"https:\/\/tholysport.mx\/#website\",\"url\":\"https:\/\/tholysport.mx\/\",\"name\":\"tholysport\",\"description\":\"Joyeria de plata de dise&ntilde;os deportivos\",\"publisher\":{\"@id\":\"https:\/\/tholysport.mx\/#organization\"},\"potentialAction\":[{\"@type\":\"SearchAction\",\"target\":{\"@type\":\"EntryPoint\",\"urlTemplate\":\"https:\/\/tholysport.mx\/?s={search_term_string}\"},\"query-input\":\"required name=search_term_string\"}],\"inLanguage\":\"en-US\"},{\"@type\":\"Organization\",\"@id\":\"https:\/\/tholysport.mx\/#organization\",\"name\":\"The oly sports\",\"url\":\"https:\/\/tholysport.mx\/\",\"logo\":{\"@type\":\"ImageObject\",\"inLanguage\":\"en-US\",\"@id\":\"https:\/\/tholysport.mx\/#\/schema\/logo\/image\/\",\"url\":\"https:\/\/tholysport.mx\/wp-content\/uploads\/2021\/06\/cropped-favicon.jpg\",\"contentUrl\":\"https:\/\/tholysport.mx\/wp-content\/uploads\/2021\/06\/cropped-favicon.jpg\",\"width\":512,\"height\":512,\"caption\":\"The oly sports\"},\"image\":{\"@id\":\"https:\/\/tholysport.mx\/#\/schema\/logo\/image\/\"},\"sameAs\":[\"https:\/\/www.facebook.com\/TheOLYSportJewelry\",\"https:\/\/www.instagram.com\/theolysportjewelry\/\"]}]}<\/script>\n<!-- \/ Yoast SEO plugin. -->","yoast_head_json":{"title":"Contacto - tholysport","robots":{"index":"noindex","follow":"nofollow"},"og_locale":"en_US","og_type":"article","og_title":"Contacto - tholysport","og_description":"Env\u00edanos un correo con tus dudas y preguntasF.A.Q. Preguntas frecuentesNuestras piezas de Joyer\u00eda est\u00e1n elaboradas en PLATA Ley 925Mucha gente piensa que si la pieza se obscurece \/ ensucia\u00a0 no es de Plata o no es de buena calidad, pero por el contrario, es normal que la plata se obscurezca. Ve a los Cuidados y [&hellip;]","og_url":"https:\/\/tholysport.mx\/en\/contacto\/","og_site_name":"tholysport","article_publisher":"https:\/\/www.facebook.com\/TheOLYSportJewelry","article_modified_time":"2024-01-15T19:48:41+00:00","twitter_card":"summary_large_image","twitter_misc":{"Est. reading time":"2 minutes"},"schema":{"@context":"https:\/\/schema.org","@graph":[{"@type":"WebPage","@id":"https:\/\/tholysport.mx\/contacto\/","url":"https:\/\/tholysport.mx\/contacto\/","name":"Contacto - tholysport","isPartOf":{"@id":"https:\/\/tholysport.mx\/#website"},"datePublished":"2021-02-19T17:49:43+00:00","dateModified":"2024-01-15T19:48:41+00:00","breadcrumb":{"@id":"https:\/\/tholysport.mx\/contacto\/#breadcrumb"},"inLanguage":"en-US","potentialAction":[{"@type":"ReadAction","target":["https:\/\/tholysport.mx\/contacto\/"]}]},{"@type":"BreadcrumbList","@id":"https:\/\/tholysport.mx\/contacto\/#breadcrumb","itemListElement":[{"@type":"ListItem","position":1,"name":"Portada","item":"https:\/\/tholysport.mx\/"},{"@type":"ListItem","position":2,"name":"Contacto"}]},{"@type":"WebSite","@id":"https:\/\/tholysport.mx\/#website","url":"https:\/\/tholysport.mx\/","name":"tholysport","description":"Joyeria de plata de dise&ntilde;os deportivos","publisher":{"@id":"https:\/\/tholysport.mx\/#organization"},"potentialAction":[{"@type":"SearchAction","target":{"@type":"EntryPoint","urlTemplate":"https:\/\/tholysport.mx\/?s={search_term_string}"},"query-input":"required name=search_term_string"}],"inLanguage":"en-US"},{"@type":"Organization","@id":"https:\/\/tholysport.mx\/#organization","name":"The oly sports","url":"https:\/\/tholysport.mx\/","logo":{"@type":"ImageObject","inLanguage":"en-US","@id":"https:\/\/tholysport.mx\/#\/schema\/logo\/image\/","url":"https:\/\/tholysport.mx\/wp-content\/uploads\/2021\/06\/cropped-favicon.jpg","contentUrl":"https:\/\/tholysport.mx\/wp-content\/uploads\/2021\/06\/cropped-favicon.jpg","width":512,"height":512,"caption":"The oly sports"},"image":{"@id":"https:\/\/tholysport.mx\/#\/schema\/logo\/image\/"},"sameAs":["https:\/\/www.facebook.com\/TheOLYSportJewelry","https:\/\/www.instagram.com\/theolysportjewelry\/"]}]}},"_links":{"self":[{"href":"https:\/\/tholysport.mx\/en\/wp-json\/wp\/v2\/pages\/39","targetHints":{"allow":["GET"]}}],"collection":[{"href":"https:\/\/tholysport.mx\/en\/wp-json\/wp\/v2\/pages"}],"about":[{"href":"https:\/\/tholysport.mx\/en\/wp-json\/wp\/v2\/types\/page"}],"author":[{"embeddable":true,"href":"https:\/\/tholysport.mx\/en\/wp-json\/wp\/v2\/users\/1"}],"replies":[{"embeddable":true,"href":"https:\/\/tholysport.mx\/en\/wp-json\/wp\/v2\/comments?post=39"}],"version-history":[{"count":23,"href":"https:\/\/tholysport.mx\/en\/wp-json\/wp\/v2\/pages\/39\/revisions"}],"predecessor-version":[{"id":1493,"href":"https:\/\/tholysport.mx\/en\/wp-json\/wp\/v2\/pages\/39\/revisions\/1493"}],"wp:attachment":[{"href":"https:\/\/tholysport.mx\/en\/wp-json\/wp\/v2\/media?parent=39"}],"curies":[{"name":"wp","href":"https:\/\/api.w.org\/{rel}","templated":true}]}}