{"id":43,"date":"2021-02-19T17:52:29","date_gmt":"2021-02-19T17:52:29","guid":{"rendered":"https:\/\/tholysport.mx\/?page_id=43"},"modified":"2021-09-14T21:21:08","modified_gmt":"2021-09-14T21:21:08","slug":"terminos-y-condiciones","status":"publish","type":"page","link":"https:\/\/tholysport.mx\/en\/terminos-y-condiciones\/","title":{"rendered":"T\u00e9rminos y condiciones"},"content":{"rendered":"[et_pb_section fb_built=&#8221;1&#8243; fullwidth=&#8221;on&#8221; next_background_color=&#8221;#ffffff&#8221; _builder_version=&#8221;4.9.0&#8243; _module_preset=&#8221;default&#8221; background_color=&#8221;rgba(5,146,255,0)&#8221; bottom_divider_style=&#8221;wave2&#8243;][et_pb_fullwidth_header title=&#8221;Terminos y condiciones&#8221; _builder_version=&#8221;4.9.0&#8243; _module_preset=&#8221;default&#8221; title_text_align=&#8221;center&#8221; title_text_color=&#8221;#6B6B6B&#8221; background_color=&#8221;rgba(12,113,195,0.23)&#8221;][\/et_pb_fullwidth_header][\/et_pb_section][et_pb_section fb_built=&#8221;1&#8243; _builder_version=&#8221;4.9.0&#8243; _module_preset=&#8221;default&#8221;][et_pb_row _builder_version=&#8221;4.9.0&#8243; _module_preset=&#8221;default&#8221;][et_pb_column type=&#8221;4_4&#8243; _builder_version=&#8221;4.9.0&#8243; _module_preset=&#8221;default&#8221;][et_pb_text _builder_version=&#8221;4.9.0&#8243; _module_preset=&#8221;default&#8221;]<p>T\u00c9RMINOS Y CONDICIONES DE USO DEL SITIO www.tholysports.mx (EN ADELANTE LA \u201cTIENDA\u201d O EL \u201cSITIO\u201d) VIGENTES A PARTIR DEL D\u00cdA Lunes\u00a0 8 de marzo 2021.<\/p>\n<p><strong>CONSIDERACIONES PREVIAS<\/strong><\/p>\n<p>Este contrato describe los t\u00e9rminos y condiciones generales (en adelante los &#8220;TCG&#8221;) aplicables al uso de los servicios ofrecidos por The oly sports (en adelante la &#8220;Sociedad&#8221;) dentro de la Tienda www.tholysports.mx. Tanto la p\u00e1gina web como la Sociedad ser\u00e1n identificadas conjuntamente como \u201cwww.tholysports.mx\u201d. Cualquier persona que desee acceder y\/o usar www.tholysports.mx o los Servicios (el \u201cUsuario\u201d) podr\u00e1 hacerlo sujet\u00e1ndose a los TCG, junto con todas las dem\u00e1s pol\u00edticas y principios que rigen www.tholysports.mx y que son incorporados al presente por referencia.<\/p>\n<p>CUALQUIER PERSONA QUE NO ACEPTE ESTOS T\u00c9RMINOS Y CONDICIONES GENERALES, LOS CUALES TIENEN UN CAR\u00c1CTER OBLIGATORIO Y VINCULANTE, DEBER\u00c1 ABSTENERSE DE UTILIZAR www.tholysports.mx Y\/O LOS SERVICIOS.<\/p>\n<p>El Usuario debe leer, entender y aceptar todas las condiciones establecidas en los TCG y en el Aviso de Privacidad as\u00ed como en los dem\u00e1s documentos incorporados a los mismos por referencia, previo a su inscripci\u00f3n como Usuario en www.tholysports.mx.<\/p>\n<p><strong>CL\u00c1USULAS<\/strong><\/p>\n<h4>PRIMERA.- ACEPTACI\u00d3N DE T\u00c9RMINOS LEGALES.<\/h4>\n<p>Con el objetivo de ofrecer un ambiente seguro y agradable para nuestros Usuarios, hemos establecido reglas y t\u00e9rminos bajo los cuales se delimitan las \u00e1reas de responsabilidad y derechos, tanto de www.tholysports.mx como de nuestros usuarios.<\/p>\n<p>Al visitar www.tholysports.mx el Usuario queda sujeto(a) a los lineamientos, derechos y restricciones aqu\u00ed mencionadas. www.tholysports.mx se reserva el derecho de modificar el presente documento en el momento y bajo las circunstancias que m\u00e1s le convengan, siendo estos cambios vigentes en el momento mismo de su publicaci\u00f3n.<\/p>\n<p>&nbsp;<\/p>\n<h4>SEGUNDA.- FORMAS DE PAGO.<\/h4>\n<p>Directo en nuestro portal por medio de Paypal o Grupo Conektame SA de CV (Conekta) con tarjetas de cr\u00e9dito Visa, Master Card o American Express o de d\u00e9bito de la mayor\u00eda de los bancos mexicanos o pago referenciado en Oxxo o v\u00eda SPEI o cualquiera que sea el acuerdo de pago entre ambas partes.<\/p>\n<h4>TERCERA.- POL\u00cdTICAS DE PAGO Y MERCANC\u00cdA.<\/h4>\n<p>www.tholysports.mx se reserva el derecho de solicitar documentos oficiales a sus clientes, como medio de validaci\u00f3n al proceso de adquisici\u00f3n de productos a trav\u00e9s de su sitio en Internet.<\/p>\n<p>El n\u00famero de orden que se asigna al realizar la transacci\u00f3n en el sitio de Internet de www.tholysports.mx no implica la aceptaci\u00f3n de la transacci\u00f3n. En caso de tener alg\u00fan problema con la orden del Usuario, www.tholysports.mx le comunicar\u00e1 esta situaci\u00f3n por correo electr\u00f3nico o v\u00eda telef\u00f3nica.<\/p>\n<p>Las notificaciones de su compra, env\u00edo, entrega y otros se har\u00e1 a trav\u00e9s de correo electr\u00f3nico o por medio del sitio web www.tholysports.mx.<\/p>\n<h4>CUARTA.- DISPONIBILIDAD DE MERCANC\u00cdA Y EXISTENCIAS.<\/h4>\n<p>Si el tiempo de entrega ofrecido no es de la entera satisfacci\u00f3n del Usuario, este \u00faltimo podr\u00e1 solicitar la cancelaci\u00f3n de la orden. Todos los productos que se ofrecen en www.tholysports.mx se encuentran sujetos a disponibilidad.<\/p>\n<p>Toda la mercanc\u00eda de www.tholysports.mx est\u00e1 sujeta a existencias, por lo que el tiempo de entrega puede variar previo aviso de parte de esta \u00faltima, o incluso podr\u00e1 proceder la cancelaci\u00f3n de la orden y la devoluci\u00f3n del pago en caso de no ser un producto resurtible.<\/p>\n<h4>QUINTA.- PRECIOS.<\/h4>\n<p>Los precios publicados en el sitio de Internet de www.tholysports.mx pueden cambiar sin previo aviso. Si por alguna raz\u00f3n el precio se encuentra en $0.00 \u00f3 $ 0.01 o alg\u00fan otro claramente err\u00f3neo, el Usuario se deber\u00e1 poner en contacto v\u00eda correo electr\u00f3nico a info@tholysport.mx con la finalidad de solicitar el precio correcto del art\u00edculo deseado.<\/p>\n<p>SEXTA.- ESPECIFICACIONES DE LOS PRODUCTOS.<\/p>\n<p>Las caracter\u00edsticas y especificaciones de los productos pueden cambiar sin previo aviso. Las fotograf\u00edas pueden o no corresponder espec\u00edficamente a \u00e9stas siendo de un producto similar representado \u00fanicamente de manera ilustrativa.<\/p>\n<h4>SEPTIMA.- ENV\u00cdO DE PRODUCTOS.<\/h4>\n<p>El tiempo de entrega inicia a partir como m\u00e1ximo 48 (cuarenta y ocho) horas posteriores a la confirmaci\u00f3n del pago.<\/p>\n<p>El env\u00edo de los productos se har\u00e1 a trav\u00e9s de paqueter\u00eda\u00a0 al domicilio del Usuario y\/o alguna oficina de dicha paqueter\u00eda o mensajer\u00eda, el tiempo de entrega ser\u00e1 seg\u00fan el servicio elegido al momento de realizar la compra. Una vez confirmado y aceptado el pago, el Usuario acepta que www.tholysports.mx podr\u00e1 demorar la entrega sin tiempo definido si el producto carece de existencias u ocurre alg\u00fan suceso que impida la entrega en los d\u00edas seleccionados.<\/p>\n<h4>OCTAVA.- EMPAQUE.<\/h4>\n<p>Toda la mercanc\u00eda ser\u00e1 empacada sin cargo para el cliente, excepto para productos de gran volumen.<\/p>\n<h4>NOVENA.- CANCELACIONES.<\/h4>\n<p>La cancelaci\u00f3n de la orden s\u00f3lo aplica antes de que www.tholysports.mx confirme el env\u00edo de la orden. Una vez cancelada la orden se iniciara un proceso de reembolso, dentro del cual el Usuario deber\u00e1 enviar los datos bancarios a los cuales se deber\u00e1 realizar el reembolso incluyendo: nombre del banco, nombre del titular, n\u00famero de cuenta y CLABE de la cuenta (18 d\u00edgitos). El reembolso se har\u00e1 espec\u00edficamente por la misma v\u00eda o m\u00e9todo de pago que el usuario utiliz\u00f3 para realizar la compra correspondiente.<\/p>\n<h4>D\u00c9CIMA PRIMERA.- PROTECCI\u00d3N DE DATOS.<\/h4>\n<p>Los datos proporcionados por el Usuario ser\u00e1n protegidos de acuerdo a nuestro aviso de privacidad, publicado en www.tholysports.mx.<\/p>\n<p>&nbsp;<\/p>\n<h4>D\u00c9CIMA TERCERA.- FACTURACI\u00d3N.<\/h4>\n<p>En caso de que el Usuario requiera factura por el importe total de sus compras y no lo solicite al ingresar a www.tholysports.mx, podr\u00e1 solicitarla al correo info@tholysport.mx, enviado para tales efectos el n\u00famero de su orden, nombre o raz\u00f3n social, RFC y domicilio fiscal completo. Los datos deber\u00e1n ser enviados dentro del mes y a\u00f1o en curso, por lo menos con 5 d\u00edas anteriores al t\u00e9rmino del mes calendario en curso.<\/p>\n<p>No se podr\u00e1n emitir facturas de compras realizadas fuera del mes en curso.<\/p>\n<p>D\u00c9CIMA CUARTA.- POL\u00cdTICA DE DEVOLUCIONES.<\/p>\n<p>El Usuario podr\u00e1 solicitar el cambio de sus productos o el reembolso de su pago cuando los productos en cuesti\u00f3n no se encuentren en las condiciones descritas y se realice dentro de los primeros 2 (dos) d\u00edas de haber recibido su orden.<\/p>\n<h4>D\u00c9CIMA QUINTA.- LEY APLICABLE Y JURISDICCI\u00d3N.<\/h4>\n<p>Para la interpretaci\u00f3n y cumplimiento de los presentes t\u00e9rminos y condiciones, las partes se someten a la jurisdicci\u00f3n de los tribunales de la Ciudad de M\u00e9xico renunciado expresamente a cualquier otro fuero que pudiere corresponderles por raz\u00f3n de sus domicilios presentes o futuros.<\/p>\n<h4>D\u00c9CIMA SEXTA.- NOTIFICACIONES<\/h4>\n<p>El domicilio de The oly sports est\u00e1 ubicado en\u00a0Hacienda de cortez 207, Cumbres Elite Sector La Hacienda, Monterrey N. L. Cp 64340<\/p>\n<p>Las notificaciones ser\u00e1n v\u00e1lidas en la direcci\u00f3n de correo electr\u00f3nico info@tholysports.mx y se presumir\u00e1n recibidas a m\u00e1s tardar a los cinco d\u00edas h\u00e1biles de haber sido enviadas.<\/p>[\/et_pb_text][\/et_pb_column][\/et_pb_row][\/et_pb_section]","protected":false},"excerpt":{"rendered":"<p>T\u00c9RMINOS Y CONDICIONES DE USO DEL SITIO www.tholysports.mx (EN ADELANTE LA \u201cTIENDA\u201d O EL \u201cSITIO\u201d) VIGENTES A PARTIR DEL D\u00cdA Lunes\u00a0 8 de marzo 2021. CONSIDERACIONES PREVIAS Este contrato describe los t\u00e9rminos y condiciones generales (en adelante los &#8220;TCG&#8221;) aplicables al uso de los servicios ofrecidos por The oly sports (en adelante la &#8220;Sociedad&#8221;) dentro [&hellip;]<\/p>","protected":false},"author":1,"featured_media":0,"parent":0,"menu_order":0,"comment_status":"closed","ping_status":"closed","template":"","meta":{"_et_pb_use_builder":"on","_et_pb_old_content":"","_et_gb_content_width":"","_joinchat":[],"footnotes":""},"class_list":["post-43","page","type-page","status-publish","hentry"],"yoast_head":"<!-- This site is optimized with the Yoast SEO plugin v22.3 - https:\/\/yoast.com\/wordpress\/plugins\/seo\/ -->\n<title>T\u00e9rminos y condiciones - tholysport<\/title>\n<meta name=\"robots\" content=\"noindex, nofollow\" \/>\n<meta property=\"og:locale\" content=\"en_US\" \/>\n<meta property=\"og:type\" content=\"article\" \/>\n<meta property=\"og:title\" content=\"T\u00e9rminos y condiciones - tholysport\" \/>\n<meta property=\"og:description\" content=\"T\u00c9RMINOS Y CONDICIONES DE USO DEL SITIO www.tholysports.mx (EN ADELANTE LA \u201cTIENDA\u201d O EL \u201cSITIO\u201d) VIGENTES A PARTIR DEL D\u00cdA Lunes\u00a0 8 de marzo 2021. CONSIDERACIONES PREVIAS Este contrato describe los t\u00e9rminos y condiciones generales (en adelante los &quot;TCG&quot;) aplicables al uso de los servicios ofrecidos por The oly sports (en adelante la &quot;Sociedad&quot;) dentro [&hellip;]\" \/>\n<meta property=\"og:url\" content=\"https:\/\/tholysport.mx\/en\/terminos-y-condiciones\/\" \/>\n<meta property=\"og:site_name\" content=\"tholysport\" \/>\n<meta property=\"article:publisher\" content=\"https:\/\/www.facebook.com\/TheOLYSportJewelry\" \/>\n<meta property=\"article:modified_time\" content=\"2021-09-14T21:21:08+00:00\" \/>\n<meta name=\"twitter:card\" content=\"summary_large_image\" \/>\n<meta name=\"twitter:label1\" content=\"Est. reading time\" \/>\n\t<meta name=\"twitter:data1\" content=\"5 minutes\" \/>\n<script type=\"application\/ld+json\" class=\"yoast-schema-graph\">{\"@context\":\"https:\/\/schema.org\",\"@graph\":[{\"@type\":\"WebPage\",\"@id\":\"https:\/\/tholysport.mx\/terminos-y-condiciones\/\",\"url\":\"https:\/\/tholysport.mx\/terminos-y-condiciones\/\",\"name\":\"T\u00e9rminos y condiciones - tholysport\",\"isPartOf\":{\"@id\":\"https:\/\/tholysport.mx\/#website\"},\"datePublished\":\"2021-02-19T17:52:29+00:00\",\"dateModified\":\"2021-09-14T21:21:08+00:00\",\"breadcrumb\":{\"@id\":\"https:\/\/tholysport.mx\/terminos-y-condiciones\/#breadcrumb\"},\"inLanguage\":\"en-US\",\"potentialAction\":[{\"@type\":\"ReadAction\",\"target\":[\"https:\/\/tholysport.mx\/terminos-y-condiciones\/\"]}]},{\"@type\":\"BreadcrumbList\",\"@id\":\"https:\/\/tholysport.mx\/terminos-y-condiciones\/#breadcrumb\",\"itemListElement\":[{\"@type\":\"ListItem\",\"position\":1,\"name\":\"Portada\",\"item\":\"https:\/\/tholysport.mx\/\"},{\"@type\":\"ListItem\",\"position\":2,\"name\":\"T\u00e9rminos y condiciones\"}]},{\"@type\":\"WebSite\",\"@id\":\"https:\/\/tholysport.mx\/#website\",\"url\":\"https:\/\/tholysport.mx\/\",\"name\":\"tholysport\",\"description\":\"Joyeria de plata de dise&ntilde;os deportivos\",\"publisher\":{\"@id\":\"https:\/\/tholysport.mx\/#organization\"},\"potentialAction\":[{\"@type\":\"SearchAction\",\"target\":{\"@type\":\"EntryPoint\",\"urlTemplate\":\"https:\/\/tholysport.mx\/?s={search_term_string}\"},\"query-input\":\"required name=search_term_string\"}],\"inLanguage\":\"en-US\"},{\"@type\":\"Organization\",\"@id\":\"https:\/\/tholysport.mx\/#organization\",\"name\":\"The oly sports\",\"url\":\"https:\/\/tholysport.mx\/\",\"logo\":{\"@type\":\"ImageObject\",\"inLanguage\":\"en-US\",\"@id\":\"https:\/\/tholysport.mx\/#\/schema\/logo\/image\/\",\"url\":\"https:\/\/tholysport.mx\/wp-content\/uploads\/2021\/06\/cropped-favicon.jpg\",\"contentUrl\":\"https:\/\/tholysport.mx\/wp-content\/uploads\/2021\/06\/cropped-favicon.jpg\",\"width\":512,\"height\":512,\"caption\":\"The oly sports\"},\"image\":{\"@id\":\"https:\/\/tholysport.mx\/#\/schema\/logo\/image\/\"},\"sameAs\":[\"https:\/\/www.facebook.com\/TheOLYSportJewelry\",\"https:\/\/www.instagram.com\/theolysportjewelry\/\"]}]}<\/script>\n<!-- \/ Yoast SEO plugin. -->","yoast_head_json":{"title":"T\u00e9rminos y condiciones - tholysport","robots":{"index":"noindex","follow":"nofollow"},"og_locale":"en_US","og_type":"article","og_title":"T\u00e9rminos y condiciones - tholysport","og_description":"T\u00c9RMINOS Y CONDICIONES DE USO DEL SITIO www.tholysports.mx (EN ADELANTE LA \u201cTIENDA\u201d O EL \u201cSITIO\u201d) VIGENTES A PARTIR DEL D\u00cdA Lunes\u00a0 8 de marzo 2021. CONSIDERACIONES PREVIAS Este contrato describe los t\u00e9rminos y condiciones generales (en adelante los \"TCG\") aplicables al uso de los servicios ofrecidos por The oly sports (en adelante la \"Sociedad\") dentro [&hellip;]","og_url":"https:\/\/tholysport.mx\/en\/terminos-y-condiciones\/","og_site_name":"tholysport","article_publisher":"https:\/\/www.facebook.com\/TheOLYSportJewelry","article_modified_time":"2021-09-14T21:21:08+00:00","twitter_card":"summary_large_image","twitter_misc":{"Est. reading time":"5 minutes"},"schema":{"@context":"https:\/\/schema.org","@graph":[{"@type":"WebPage","@id":"https:\/\/tholysport.mx\/terminos-y-condiciones\/","url":"https:\/\/tholysport.mx\/terminos-y-condiciones\/","name":"T\u00e9rminos y condiciones - tholysport","isPartOf":{"@id":"https:\/\/tholysport.mx\/#website"},"datePublished":"2021-02-19T17:52:29+00:00","dateModified":"2021-09-14T21:21:08+00:00","breadcrumb":{"@id":"https:\/\/tholysport.mx\/terminos-y-condiciones\/#breadcrumb"},"inLanguage":"en-US","potentialAction":[{"@type":"ReadAction","target":["https:\/\/tholysport.mx\/terminos-y-condiciones\/"]}]},{"@type":"BreadcrumbList","@id":"https:\/\/tholysport.mx\/terminos-y-condiciones\/#breadcrumb","itemListElement":[{"@type":"ListItem","position":1,"name":"Portada","item":"https:\/\/tholysport.mx\/"},{"@type":"ListItem","position":2,"name":"T\u00e9rminos y condiciones"}]},{"@type":"WebSite","@id":"https:\/\/tholysport.mx\/#website","url":"https:\/\/tholysport.mx\/","name":"tholysport","description":"Joyeria de plata de dise&ntilde;os deportivos","publisher":{"@id":"https:\/\/tholysport.mx\/#organization"},"potentialAction":[{"@type":"SearchAction","target":{"@type":"EntryPoint","urlTemplate":"https:\/\/tholysport.mx\/?s={search_term_string}"},"query-input":"required name=search_term_string"}],"inLanguage":"en-US"},{"@type":"Organization","@id":"https:\/\/tholysport.mx\/#organization","name":"The oly sports","url":"https:\/\/tholysport.mx\/","logo":{"@type":"ImageObject","inLanguage":"en-US","@id":"https:\/\/tholysport.mx\/#\/schema\/logo\/image\/","url":"https:\/\/tholysport.mx\/wp-content\/uploads\/2021\/06\/cropped-favicon.jpg","contentUrl":"https:\/\/tholysport.mx\/wp-content\/uploads\/2021\/06\/cropped-favicon.jpg","width":512,"height":512,"caption":"The oly sports"},"image":{"@id":"https:\/\/tholysport.mx\/#\/schema\/logo\/image\/"},"sameAs":["https:\/\/www.facebook.com\/TheOLYSportJewelry","https:\/\/www.instagram.com\/theolysportjewelry\/"]}]}},"_links":{"self":[{"href":"https:\/\/tholysport.mx\/en\/wp-json\/wp\/v2\/pages\/43","targetHints":{"allow":["GET"]}}],"collection":[{"href":"https:\/\/tholysport.mx\/en\/wp-json\/wp\/v2\/pages"}],"about":[{"href":"https:\/\/tholysport.mx\/en\/wp-json\/wp\/v2\/types\/page"}],"author":[{"embeddable":true,"href":"https:\/\/tholysport.mx\/en\/wp-json\/wp\/v2\/users\/1"}],"replies":[{"embeddable":true,"href":"https:\/\/tholysport.mx\/en\/wp-json\/wp\/v2\/comments?post=43"}],"version-history":[{"count":8,"href":"https:\/\/tholysport.mx\/en\/wp-json\/wp\/v2\/pages\/43\/revisions"}],"predecessor-version":[{"id":1042,"href":"https:\/\/tholysport.mx\/en\/wp-json\/wp\/v2\/pages\/43\/revisions\/1042"}],"wp:attachment":[{"href":"https:\/\/tholysport.mx\/en\/wp-json\/wp\/v2\/media?parent=43"}],"curies":[{"name":"wp","href":"https:\/\/api.w.org\/{rel}","templated":true}]}}