{"id":1338,"date":"2022-05-26T13:38:46","date_gmt":"2022-05-26T18:38:46","guid":{"rendered":"https:\/\/tholysport.mx\/?post_type=product&#038;p=1338"},"modified":"2026-01-20T20:29:06","modified_gmt":"2026-01-21T02:29:06","slug":"libreta-triatlon","status":"publish","type":"product","link":"https:\/\/tholysport.mx\/en\/product\/libreta-triatlon\/","title":{"rendered":"libreta Triatl\u00f3n"},"content":{"rendered":"<p>Libreta con dise\u00f1o de Triatl\u00f3n (swim &#8211; Bike &#8211; Run) Medida: 1\/4 de hoja carta Hojas blancas<\/p>","protected":false},"excerpt":{"rendered":"<p>Libreta con dise\u00f1o de Triatl\u00f3n (swim &#8211; Bike &#8211; Run) Medida: 1\/4 de hoja carta Hojas blancas<\/p>","protected":false},"featured_media":1339,"comment_status":"open","ping_status":"closed","template":"","meta":{"_et_pb_use_builder":"","_et_pb_old_content":"","_et_gb_content_width":"","_joinchat":[]},"product_cat":[18,25],"product_tag":[],"class_list":{"0":"post-1338","1":"product","2":"type-product","3":"status-publish","4":"has-post-thumbnail","6":"product_cat-deportes","7":"product_cat-ironman-triatlon","9":"first","10":"instock","11":"shipping-taxable","12":"purchasable","13":"product-type-simple"},"yoast_head":"<!-- This site is optimized with the Yoast SEO plugin v22.3 - https:\/\/yoast.com\/wordpress\/plugins\/seo\/ -->\n<title>libreta Triatl\u00f3n - tholysport<\/title>\n<meta name=\"description\" content=\"Libreta con dise\u00f1o de Triatl\u00f3n (swim - Bike - Run) Medida: 1\/4 de hoja carta Hojas blancas\" \/>\n<meta name=\"robots\" content=\"index, follow, max-snippet:-1, max-image-preview:large, max-video-preview:-1\" \/>\n<link rel=\"canonical\" href=\"https:\/\/tholysport.mx\/en\/product\/libreta-triatlon\/\" \/>\n<meta property=\"og:locale\" content=\"en_US\" \/>\n<meta property=\"og:type\" content=\"article\" \/>\n<meta property=\"og:title\" content=\"libreta Triatl\u00f3n - tholysport\" \/>\n<meta property=\"og:description\" content=\"Libreta con dise\u00f1o de Triatl\u00f3n (swim - Bike - Run) Medida: 1\/4 de hoja carta Hojas blancas\" \/>\n<meta property=\"og:url\" content=\"https:\/\/tholysport.mx\/en\/product\/libreta-triatlon\/\" \/>\n<meta property=\"og:site_name\" content=\"tholysport\" \/>\n<meta property=\"article:publisher\" content=\"https:\/\/www.facebook.com\/TheOLYSportJewelry\" \/>\n<meta property=\"article:modified_time\" content=\"2026-01-21T02:29:06+00:00\" \/>\n<meta property=\"og:image\" content=\"https:\/\/tholysport.mx\/wp-content\/uploads\/2022\/05\/joyeria-plata-triatlon-libreta-tri.jpg\" \/>\n\t<meta property=\"og:image:width\" content=\"800\" \/>\n\t<meta property=\"og:image:height\" content=\"800\" \/>\n\t<meta property=\"og:image:type\" content=\"image\/jpeg\" \/>\n<meta name=\"twitter:card\" content=\"summary_large_image\" \/>\n<meta name=\"twitter:label1\" content=\"Est. reading time\" \/>\n\t<meta name=\"twitter:data1\" content=\"1 minute\" \/>\n<script type=\"application\/ld+json\" class=\"yoast-schema-graph\">{\"@context\":\"https:\/\/schema.org\",\"@graph\":[{\"@type\":\"WebPage\",\"@id\":\"https:\/\/tholysport.mx\/producto\/libreta-triatlon\/\",\"url\":\"https:\/\/tholysport.mx\/producto\/libreta-triatlon\/\",\"name\":\"libreta Triatl\u00f3n - tholysport\",\"isPartOf\":{\"@id\":\"https:\/\/tholysport.mx\/#website\"},\"primaryImageOfPage\":{\"@id\":\"https:\/\/tholysport.mx\/producto\/libreta-triatlon\/#primaryimage\"},\"image\":{\"@id\":\"https:\/\/tholysport.mx\/producto\/libreta-triatlon\/#primaryimage\"},\"thumbnailUrl\":\"https:\/\/tholysport.mx\/wp-content\/uploads\/2022\/05\/joyeria-plata-triatlon-libreta-tri.jpg\",\"datePublished\":\"2022-05-26T18:38:46+00:00\",\"dateModified\":\"2026-01-21T02:29:06+00:00\",\"description\":\"Libreta con dise\u00f1o de Triatl\u00f3n (swim - Bike - Run) Medida: 1\/4 de hoja carta Hojas blancas\",\"breadcrumb\":{\"@id\":\"https:\/\/tholysport.mx\/producto\/libreta-triatlon\/#breadcrumb\"},\"inLanguage\":\"en-US\",\"potentialAction\":[{\"@type\":\"ReadAction\",\"target\":[\"https:\/\/tholysport.mx\/producto\/libreta-triatlon\/\"]}]},{\"@type\":\"ImageObject\",\"inLanguage\":\"en-US\",\"@id\":\"https:\/\/tholysport.mx\/producto\/libreta-triatlon\/#primaryimage\",\"url\":\"https:\/\/tholysport.mx\/wp-content\/uploads\/2022\/05\/joyeria-plata-triatlon-libreta-tri.jpg\",\"contentUrl\":\"https:\/\/tholysport.mx\/wp-content\/uploads\/2022\/05\/joyeria-plata-triatlon-libreta-tri.jpg\",\"width\":800,\"height\":800},{\"@type\":\"BreadcrumbList\",\"@id\":\"https:\/\/tholysport.mx\/producto\/libreta-triatlon\/#breadcrumb\",\"itemListElement\":[{\"@type\":\"ListItem\",\"position\":1,\"name\":\"Portada\",\"item\":\"https:\/\/tholysport.mx\/\"},{\"@type\":\"ListItem\",\"position\":2,\"name\":\"Tienda\",\"item\":\"https:\/\/tholysport.mx\/tienda\/\"},{\"@type\":\"ListItem\",\"position\":3,\"name\":\"libreta Triatl\u00f3n\"}]},{\"@type\":\"WebSite\",\"@id\":\"https:\/\/tholysport.mx\/#website\",\"url\":\"https:\/\/tholysport.mx\/\",\"name\":\"tholysport\",\"description\":\"Joyeria de plata de dise&ntilde;os deportivos\",\"publisher\":{\"@id\":\"https:\/\/tholysport.mx\/#organization\"},\"potentialAction\":[{\"@type\":\"SearchAction\",\"target\":{\"@type\":\"EntryPoint\",\"urlTemplate\":\"https:\/\/tholysport.mx\/?s={search_term_string}\"},\"query-input\":\"required name=search_term_string\"}],\"inLanguage\":\"en-US\"},{\"@type\":\"Organization\",\"@id\":\"https:\/\/tholysport.mx\/#organization\",\"name\":\"The oly sports\",\"url\":\"https:\/\/tholysport.mx\/\",\"logo\":{\"@type\":\"ImageObject\",\"inLanguage\":\"en-US\",\"@id\":\"https:\/\/tholysport.mx\/#\/schema\/logo\/image\/\",\"url\":\"https:\/\/tholysport.mx\/wp-content\/uploads\/2021\/06\/cropped-favicon.jpg\",\"contentUrl\":\"https:\/\/tholysport.mx\/wp-content\/uploads\/2021\/06\/cropped-favicon.jpg\",\"width\":512,\"height\":512,\"caption\":\"The oly sports\"},\"image\":{\"@id\":\"https:\/\/tholysport.mx\/#\/schema\/logo\/image\/\"},\"sameAs\":[\"https:\/\/www.facebook.com\/TheOLYSportJewelry\",\"https:\/\/www.instagram.com\/theolysportjewelry\/\"]}]}<\/script>\n<!-- \/ Yoast SEO plugin. -->","yoast_head_json":{"title":"libreta Triatl\u00f3n - tholysport","description":"Libreta con dise\u00f1o de Triatl\u00f3n (swim - Bike - Run) Medida: 1\/4 de hoja carta Hojas blancas","robots":{"index":"index","follow":"follow","max-snippet":"max-snippet:-1","max-image-preview":"max-image-preview:large","max-video-preview":"max-video-preview:-1"},"canonical":"https:\/\/tholysport.mx\/en\/product\/libreta-triatlon\/","og_locale":"en_US","og_type":"article","og_title":"libreta Triatl\u00f3n - tholysport","og_description":"Libreta con dise\u00f1o de Triatl\u00f3n (swim - Bike - Run) Medida: 1\/4 de hoja carta Hojas blancas","og_url":"https:\/\/tholysport.mx\/en\/product\/libreta-triatlon\/","og_site_name":"tholysport","article_publisher":"https:\/\/www.facebook.com\/TheOLYSportJewelry","article_modified_time":"2026-01-21T02:29:06+00:00","og_image":[{"width":800,"height":800,"url":"https:\/\/tholysport.mx\/wp-content\/uploads\/2022\/05\/joyeria-plata-triatlon-libreta-tri.jpg","type":"image\/jpeg"}],"twitter_card":"summary_large_image","twitter_misc":{"Est. reading time":"1 minute"},"schema":{"@context":"https:\/\/schema.org","@graph":[{"@type":"WebPage","@id":"https:\/\/tholysport.mx\/producto\/libreta-triatlon\/","url":"https:\/\/tholysport.mx\/producto\/libreta-triatlon\/","name":"libreta Triatl\u00f3n - tholysport","isPartOf":{"@id":"https:\/\/tholysport.mx\/#website"},"primaryImageOfPage":{"@id":"https:\/\/tholysport.mx\/producto\/libreta-triatlon\/#primaryimage"},"image":{"@id":"https:\/\/tholysport.mx\/producto\/libreta-triatlon\/#primaryimage"},"thumbnailUrl":"https:\/\/tholysport.mx\/wp-content\/uploads\/2022\/05\/joyeria-plata-triatlon-libreta-tri.jpg","datePublished":"2022-05-26T18:38:46+00:00","dateModified":"2026-01-21T02:29:06+00:00","description":"Libreta con dise\u00f1o de Triatl\u00f3n (swim - Bike - Run) Medida: 1\/4 de hoja carta Hojas blancas","breadcrumb":{"@id":"https:\/\/tholysport.mx\/producto\/libreta-triatlon\/#breadcrumb"},"inLanguage":"en-US","potentialAction":[{"@type":"ReadAction","target":["https:\/\/tholysport.mx\/producto\/libreta-triatlon\/"]}]},{"@type":"ImageObject","inLanguage":"en-US","@id":"https:\/\/tholysport.mx\/producto\/libreta-triatlon\/#primaryimage","url":"https:\/\/tholysport.mx\/wp-content\/uploads\/2022\/05\/joyeria-plata-triatlon-libreta-tri.jpg","contentUrl":"https:\/\/tholysport.mx\/wp-content\/uploads\/2022\/05\/joyeria-plata-triatlon-libreta-tri.jpg","width":800,"height":800},{"@type":"BreadcrumbList","@id":"https:\/\/tholysport.mx\/producto\/libreta-triatlon\/#breadcrumb","itemListElement":[{"@type":"ListItem","position":1,"name":"Portada","item":"https:\/\/tholysport.mx\/"},{"@type":"ListItem","position":2,"name":"Tienda","item":"https:\/\/tholysport.mx\/tienda\/"},{"@type":"ListItem","position":3,"name":"libreta Triatl\u00f3n"}]},{"@type":"WebSite","@id":"https:\/\/tholysport.mx\/#website","url":"https:\/\/tholysport.mx\/","name":"tholysport","description":"Joyeria de plata de dise&ntilde;os deportivos","publisher":{"@id":"https:\/\/tholysport.mx\/#organization"},"potentialAction":[{"@type":"SearchAction","target":{"@type":"EntryPoint","urlTemplate":"https:\/\/tholysport.mx\/?s={search_term_string}"},"query-input":"required name=search_term_string"}],"inLanguage":"en-US"},{"@type":"Organization","@id":"https:\/\/tholysport.mx\/#organization","name":"The oly sports","url":"https:\/\/tholysport.mx\/","logo":{"@type":"ImageObject","inLanguage":"en-US","@id":"https:\/\/tholysport.mx\/#\/schema\/logo\/image\/","url":"https:\/\/tholysport.mx\/wp-content\/uploads\/2021\/06\/cropped-favicon.jpg","contentUrl":"https:\/\/tholysport.mx\/wp-content\/uploads\/2021\/06\/cropped-favicon.jpg","width":512,"height":512,"caption":"The oly sports"},"image":{"@id":"https:\/\/tholysport.mx\/#\/schema\/logo\/image\/"},"sameAs":["https:\/\/www.facebook.com\/TheOLYSportJewelry","https:\/\/www.instagram.com\/theolysportjewelry\/"]}]}},"_links":{"self":[{"href":"https:\/\/tholysport.mx\/en\/wp-json\/wp\/v2\/product\/1338","targetHints":{"allow":["GET"]}}],"collection":[{"href":"https:\/\/tholysport.mx\/en\/wp-json\/wp\/v2\/product"}],"about":[{"href":"https:\/\/tholysport.mx\/en\/wp-json\/wp\/v2\/types\/product"}],"replies":[{"embeddable":true,"href":"https:\/\/tholysport.mx\/en\/wp-json\/wp\/v2\/comments?post=1338"}],"wp:featuredmedia":[{"embeddable":true,"href":"https:\/\/tholysport.mx\/en\/wp-json\/wp\/v2\/media\/1339"}],"wp:attachment":[{"href":"https:\/\/tholysport.mx\/en\/wp-json\/wp\/v2\/media?parent=1338"}],"wp:term":[{"taxonomy":"product_cat","embeddable":true,"href":"https:\/\/tholysport.mx\/en\/wp-json\/wp\/v2\/product_cat?post=1338"},{"taxonomy":"product_tag","embeddable":true,"href":"https:\/\/tholysport.mx\/en\/wp-json\/wp\/v2\/product_tag?post=1338"}],"curies":[{"name":"wp","href":"https:\/\/api.w.org\/{rel}","templated":true}]}}